{"id":70,"date":"2016-07-16T08:39:53","date_gmt":"2016-07-16T07:39:53","guid":{"rendered":"https:\/\/www.bouquet-salaie.fr\/?page_id=70"},"modified":"2022-09-21T21:37:40","modified_gmt":"2022-09-21T20:37:40","slug":"le-folkore","status":"publish","type":"page","link":"https:\/\/www.bouquet-salaie.fr\/index.php\/le-folkore\/","title":{"rendered":"Le folkore"},"content":{"rendered":"<p>Tous nos costumes sont authentiques ou r\u00e9alis\u00e9s selon les traditions.<\/p>\n<p>Nous sommes fiers de vous pr\u00e9senter ce patrimoine vestimentaire dans les menus ci-apr\u00e8s<\/p>\n<p>Les <a href=\"https:\/\/www.bouquet-salaie.fr\/index.php\/les-costumes-de-travail\/\">costumes de travail<\/a> et les <a href=\"https:\/\/www.bouquet-salaie.fr\/index.php\/les-costumes-de-fete\/\">costumes de f\u00eate<\/a>, les chants et <a href=\"https:\/\/www.bouquet-salaie.fr\/index.php\/nos-danses\/\">danses<\/a>, vous trouverez dans ce site quelques aper\u00e7us de ce nous vous proposons.<\/p>\n","protected":false},"excerpt":{"rendered":"<p>Tous nos costumes sont authentiques ou r\u00e9alis\u00e9s selon les traditions. Nous sommes fiers de vous pr\u00e9senter ce patrimoine vestimentaire dans les menus ci-apr\u00e8s Les costumes de travail et les costumes de f\u00eate, les chants&#46;&#46;&#46;<\/p>\n","protected":false},"author":1,"featured_media":0,"parent":0,"menu_order":0,"comment_status":"closed","ping_status":"closed","template":"","meta":{"_uag_custom_page_level_css":"","footnotes":""},"class_list":["post-70","page","type-page","status-publish","hentry"],"uagb_featured_image_src":{"full":false,"thumbnail":false,"medium":false,"medium_large":false,"large":false,"1536x1536":false,"2048x2048":false,"thumb-small":false,"thumb-standard":false,"thumb-medium":false,"thumb-large":false,"thumb-xlarge":false,"thumb-xxlarge":false,"mailpoet_newsletter_max":false},"uagb_author_info":{"display_name":"Gilbert","author_link":"https:\/\/www.bouquet-salaie.fr\/index.php\/author\/admin7742\/"},"uagb_comment_info":0,"uagb_excerpt":"Tous nos costumes sont authentiques ou r\u00e9alis\u00e9s selon les traditions. Nous sommes fiers de vous pr\u00e9senter ce patrimoine vestimentaire dans les menus ci-apr\u00e8s Les costumes de travail et les costumes de f\u00eate, les chants&#46;&#46;&#46;","publishpress_future_action":{"enabled":false,"date":"2026-05-09 04:42:29","action":"change-status","newStatus":"draft","terms":[],"taxonomy":"","extraData":[]},"publishpress_future_workflow_manual_trigger":{"enabledWorkflows":[]},"_links":{"self":[{"href":"https:\/\/www.bouquet-salaie.fr\/index.php\/wp-json\/wp\/v2\/pages\/70","targetHints":{"allow":["GET"]}}],"collection":[{"href":"https:\/\/www.bouquet-salaie.fr\/index.php\/wp-json\/wp\/v2\/pages"}],"about":[{"href":"https:\/\/www.bouquet-salaie.fr\/index.php\/wp-json\/wp\/v2\/types\/page"}],"author":[{"embeddable":true,"href":"https:\/\/www.bouquet-salaie.fr\/index.php\/wp-json\/wp\/v2\/users\/1"}],"replies":[{"embeddable":true,"href":"https:\/\/www.bouquet-salaie.fr\/index.php\/wp-json\/wp\/v2\/comments?post=70"}],"version-history":[{"count":2,"href":"https:\/\/www.bouquet-salaie.fr\/index.php\/wp-json\/wp\/v2\/pages\/70\/revisions"}],"predecessor-version":[{"id":168,"href":"https:\/\/www.bouquet-salaie.fr\/index.php\/wp-json\/wp\/v2\/pages\/70\/revisions\/168"}],"wp:attachment":[{"href":"https:\/\/www.bouquet-salaie.fr\/index.php\/wp-json\/wp\/v2\/media?parent=70"}],"curies":[{"name":"wp","href":"https:\/\/api.w.org\/{rel}","templated":true}]}}