{"id":64,"date":"2016-07-16T08:35:36","date_gmt":"2016-07-16T07:35:36","guid":{"rendered":"https:\/\/www.bouquet-salaie.fr\/?page_id=64"},"modified":"2016-07-23T10:46:37","modified_gmt":"2016-07-23T09:46:37","slug":"glossaire","status":"publish","type":"page","link":"https:\/\/www.bouquet-salaie.fr\/index.php\/glossaire\/","title":{"rendered":"Glossaire"},"content":{"rendered":"<p>Yole :Bateau \u00e0 fond plat utilis\u00e9 pour naviguer dans les marais, sur les foss\u00e9s et les \u00e9tiers. V\u00e9ritable trait d&rsquo;union entre les habitations parfois isol\u00e9es et entour\u00e9es de foss\u00e9s.<\/p>\n<p>Ningle : Perche de bois qui est utilis\u00e9e pour pousser la yole.<\/p>\n<p>Bourrine : Maison basse traditionnelle des marais, en toit de chaume.<\/p>\n<p>Culotte \u00e0 pans : Culotte \u00e0 pont.<\/p>\n<p>Echaudisse : G\u00e2teau sec qu&rsquo;on sert avec le caf\u00e9 par exemple. C&rsquo;est un g\u00e2teau qui s&rsquo;offrait \u00e0 la famille aux voisins<br \/>\n et amis \u00e0 l&rsquo;occasion des mariages bapt\u00eames et communions.<\/p>\n<p>Foutimassons : Connus sous une multitude d&rsquo;autres noms : Merveilles, Bottereaux, Tourtisseaux, ce sont des petits g\u00e2teaux \u00e0 pate cuite en friture. <\/p>\n<p>&nbsp;<\/p>\n","protected":false},"excerpt":{"rendered":"<p>Yole :Bateau \u00e0 fond plat utilis\u00e9 pour naviguer dans les marais, sur les foss\u00e9s et les \u00e9tiers. V\u00e9ritable trait d&rsquo;union entre les habitations parfois isol\u00e9es et entour\u00e9es de foss\u00e9s. Ningle : Perche de bois&#46;&#46;&#46;<\/p>\n","protected":false},"author":1,"featured_media":0,"parent":0,"menu_order":0,"comment_status":"closed","ping_status":"closed","template":"","meta":{"_uag_custom_page_level_css":"","footnotes":""},"class_list":["post-64","page","type-page","status-publish","hentry"],"uagb_featured_image_src":{"full":false,"thumbnail":false,"medium":false,"medium_large":false,"large":false,"1536x1536":false,"2048x2048":false,"thumb-small":false,"thumb-standard":false,"thumb-medium":false,"thumb-large":false,"thumb-xlarge":false,"thumb-xxlarge":false,"mailpoet_newsletter_max":false},"uagb_author_info":{"display_name":"Gilbert","author_link":"https:\/\/www.bouquet-salaie.fr\/index.php\/author\/admin7742\/"},"uagb_comment_info":0,"uagb_excerpt":"Yole :Bateau \u00e0 fond plat utilis\u00e9 pour naviguer dans les marais, sur les foss\u00e9s et les \u00e9tiers. V\u00e9ritable trait d&rsquo;union entre les habitations parfois isol\u00e9es et entour\u00e9es de foss\u00e9s. Ningle : Perche de bois&#46;&#46;&#46;","publishpress_future_action":{"enabled":false,"date":"2026-05-09 01:54:56","action":"change-status","newStatus":"draft","terms":[],"taxonomy":"","extraData":[]},"publishpress_future_workflow_manual_trigger":{"enabledWorkflows":[]},"_links":{"self":[{"href":"https:\/\/www.bouquet-salaie.fr\/index.php\/wp-json\/wp\/v2\/pages\/64","targetHints":{"allow":["GET"]}}],"collection":[{"href":"https:\/\/www.bouquet-salaie.fr\/index.php\/wp-json\/wp\/v2\/pages"}],"about":[{"href":"https:\/\/www.bouquet-salaie.fr\/index.php\/wp-json\/wp\/v2\/types\/page"}],"author":[{"embeddable":true,"href":"https:\/\/www.bouquet-salaie.fr\/index.php\/wp-json\/wp\/v2\/users\/1"}],"replies":[{"embeddable":true,"href":"https:\/\/www.bouquet-salaie.fr\/index.php\/wp-json\/wp\/v2\/comments?post=64"}],"version-history":[{"count":6,"href":"https:\/\/www.bouquet-salaie.fr\/index.php\/wp-json\/wp\/v2\/pages\/64\/revisions"}],"predecessor-version":[{"id":195,"href":"https:\/\/www.bouquet-salaie.fr\/index.php\/wp-json\/wp\/v2\/pages\/64\/revisions\/195"}],"wp:attachment":[{"href":"https:\/\/www.bouquet-salaie.fr\/index.php\/wp-json\/wp\/v2\/media?parent=64"}],"curies":[{"name":"wp","href":"https:\/\/api.w.org\/{rel}","templated":true}]}}